{"id":251,"date":"2023-01-10T17:00:11","date_gmt":"2023-01-10T17:00:11","guid":{"rendered":"https:\/\/www.estudiografotecnico.com\/blog\/?page_id=251"},"modified":"2025-06-06T11:00:38","modified_gmt":"2025-06-06T11:00:38","slug":"consultas","status":"publish","type":"page","link":"https:\/\/www.estudiografotecnico.com\/blog\/consultas\/","title":{"rendered":"Contacto"},"content":{"rendered":"<p>[et_pb_section bb_built=\u00bb1&#8243; inner_width=\u00bb90%\u00bb inner_max_width=\u00bb1200px\u00bb][et_pb_row _builder_version=\u00bb4.19.4&#8243;][et_pb_column type=\u00bb4_4&#8243; custom_padding__hover=\u00bb|||\u00bb custom_padding=\u00bb|||\u00bb][et_pb_text _builder_version=\u00bb4.19.4&#8243; background_pattern_color=\u00bbrgba(0,0,0,0.2)\u00bb background_mask_color=\u00bb#ffffff\u00bb text_text_shadow_horizontal_length=\u00bbtext_text_shadow_style,%91object Object%93&#8243; text_text_shadow_horizontal_length_tablet=\u00bb0px\u00bb text_text_shadow_vertical_length=\u00bbtext_text_shadow_style,%91object Object%93&#8243; text_text_shadow_vertical_length_tablet=\u00bb0px\u00bb text_text_shadow_blur_strength=\u00bbtext_text_shadow_style,%91object Object%93&#8243; text_text_shadow_blur_strength_tablet=\u00bb1px\u00bb link_text_shadow_horizontal_length=\u00bblink_text_shadow_style,%91object Object%93&#8243; link_text_shadow_horizontal_length_tablet=\u00bb0px\u00bb link_text_shadow_vertical_length=\u00bblink_text_shadow_style,%91object Object%93&#8243; link_text_shadow_vertical_length_tablet=\u00bb0px\u00bb link_text_shadow_blur_strength=\u00bblink_text_shadow_style,%91object Object%93&#8243; link_text_shadow_blur_strength_tablet=\u00bb1px\u00bb ul_text_shadow_horizontal_length=\u00bbul_text_shadow_style,%91object Object%93&#8243; ul_text_shadow_horizontal_length_tablet=\u00bb0px\u00bb ul_text_shadow_vertical_length=\u00bbul_text_shadow_style,%91object Object%93&#8243; ul_text_shadow_vertical_length_tablet=\u00bb0px\u00bb ul_text_shadow_blur_strength=\u00bbul_text_shadow_style,%91object Object%93&#8243; ul_text_shadow_blur_strength_tablet=\u00bb1px\u00bb ol_text_shadow_horizontal_length=\u00bbol_text_shadow_style,%91object Object%93&#8243; ol_text_shadow_horizontal_length_tablet=\u00bb0px\u00bb ol_text_shadow_vertical_length=\u00bbol_text_shadow_style,%91object Object%93&#8243; ol_text_shadow_vertical_length_tablet=\u00bb0px\u00bb ol_text_shadow_blur_strength=\u00bbol_text_shadow_style,%91object Object%93&#8243; ol_text_shadow_blur_strength_tablet=\u00bb1px\u00bb quote_text_shadow_horizontal_length=\u00bbquote_text_shadow_style,%91object Object%93&#8243; quote_text_shadow_horizontal_length_tablet=\u00bb0px\u00bb quote_text_shadow_vertical_length=\u00bbquote_text_shadow_style,%91object Object%93&#8243; quote_text_shadow_vertical_length_tablet=\u00bb0px\u00bb quote_text_shadow_blur_strength=\u00bbquote_text_shadow_style,%91object Object%93&#8243; quote_text_shadow_blur_strength_tablet=\u00bb1px\u00bb header_text_shadow_horizontal_length=\u00bbheader_text_shadow_style,%91object Object%93&#8243; header_text_shadow_horizontal_length_tablet=\u00bb0px\u00bb header_text_shadow_vertical_length=\u00bbheader_text_shadow_style,%91object Object%93&#8243; header_text_shadow_vertical_length_tablet=\u00bb0px\u00bb header_text_shadow_blur_strength=\u00bbheader_text_shadow_style,%91object Object%93&#8243; header_text_shadow_blur_strength_tablet=\u00bb1px\u00bb header_2_text_shadow_horizontal_length=\u00bbheader_2_text_shadow_style,%91object Object%93&#8243; header_2_text_shadow_horizontal_length_tablet=\u00bb0px\u00bb header_2_text_shadow_vertical_length=\u00bbheader_2_text_shadow_style,%91object Object%93&#8243; header_2_text_shadow_vertical_length_tablet=\u00bb0px\u00bb header_2_text_shadow_blur_strength=\u00bbheader_2_text_shadow_style,%91object Object%93&#8243; header_2_text_shadow_blur_strength_tablet=\u00bb1px\u00bb header_3_text_shadow_horizontal_length=\u00bbheader_3_text_shadow_style,%91object Object%93&#8243; header_3_text_shadow_horizontal_length_tablet=\u00bb0px\u00bb header_3_text_shadow_vertical_length=\u00bbheader_3_text_shadow_style,%91object Object%93&#8243; header_3_text_shadow_vertical_length_tablet=\u00bb0px\u00bb header_3_text_shadow_blur_strength=\u00bbheader_3_text_shadow_style,%91object Object%93&#8243; header_3_text_shadow_blur_strength_tablet=\u00bb1px\u00bb header_4_text_shadow_horizontal_length=\u00bbheader_4_text_shadow_style,%91object Object%93&#8243; header_4_text_shadow_horizontal_length_tablet=\u00bb0px\u00bb header_4_text_shadow_vertical_length=\u00bbheader_4_text_shadow_style,%91object Object%93&#8243; header_4_text_shadow_vertical_length_tablet=\u00bb0px\u00bb header_4_text_shadow_blur_strength=\u00bbheader_4_text_shadow_style,%91object Object%93&#8243; header_4_text_shadow_blur_strength_tablet=\u00bb1px\u00bb header_5_text_shadow_horizontal_length=\u00bbheader_5_text_shadow_style,%91object Object%93&#8243; header_5_text_shadow_horizontal_length_tablet=\u00bb0px\u00bb header_5_text_shadow_vertical_length=\u00bbheader_5_text_shadow_style,%91object Object%93&#8243; header_5_text_shadow_vertical_length_tablet=\u00bb0px\u00bb header_5_text_shadow_blur_strength=\u00bbheader_5_text_shadow_style,%91object Object%93&#8243; header_5_text_shadow_blur_strength_tablet=\u00bb1px\u00bb header_6_text_shadow_horizontal_length=\u00bbheader_6_text_shadow_style,%91object Object%93&#8243; header_6_text_shadow_horizontal_length_tablet=\u00bb0px\u00bb header_6_text_shadow_vertical_length=\u00bbheader_6_text_shadow_style,%91object Object%93&#8243; header_6_text_shadow_vertical_length_tablet=\u00bb0px\u00bb header_6_text_shadow_blur_strength=\u00bbheader_6_text_shadow_style,%91object Object%93&#8243; header_6_text_shadow_blur_strength_tablet=\u00bb1px\u00bb box_shadow_horizontal_tablet=\u00bb0px\u00bb box_shadow_vertical_tablet=\u00bb0px\u00bb box_shadow_blur_tablet=\u00bb40px\u00bb box_shadow_spread_tablet=\u00bb0px\u00bb vertical_offset_tablet=\u00bb0&#8243; horizontal_offset_tablet=\u00bb0&#8243; z_index_tablet=\u00bb0&#8243; custom_padding=\u00bb0px|||\u00bb]<\/p>\n<p><a href=\"https:\/\/www.estudiografotecnico.com\/\"><img loading=\"lazy\" decoding=\"async\" class=\"alignnone wp-image-309\" src=\"https:\/\/www.estudiografotecnico.com\/blog\/wp-content\/uploads\/2025\/06\/1946488-300x300.png\" alt=\"\" width=\"30\" height=\"30\" \/><\/a> <br \/>Este formulario tiene por objeto que usted pueda\u00a0<strong>realizar una primera consulta<\/strong>. A partir de este momento se estudiar\u00e1 detenidamente su caso y se pondr\u00e1 en contacto por mail, o tel\u00e9fono, si asi lo prefiere. Estudio Grafotecnico Helena Huarte\u00a0<strong>se compromete<\/strong>\u00a0a trav\u00e9s de estas l\u00edneas\u00a0<strong>a guardar la m\u00e1xima discreci\u00f3n<\/strong>\u00a0sobre los asuntos desde aqu\u00ed enviados. Adem\u00e1s ratifica la ley de protecci\u00f3n de datos que impide que estos puedan ser transferidos a terceras personas sin su consentimiento<\/p>\n<p>[\/et_pb_text][et_pb_contact_form _builder_version=\u00bb4.19.4&#8243; recaptcha_list=\u00bb|none\u00bb background_pattern_color=\u00bbrgba(0,0,0,0.2)\u00bb background_mask_color=\u00bb#ffffff\u00bb form_field_text_shadow_horizontal_length=\u00bbform_field_text_shadow_style,%91object Object%93&#8243; form_field_text_shadow_horizontal_length_tablet=\u00bb0px\u00bb form_field_text_shadow_vertical_length=\u00bbform_field_text_shadow_style,%91object Object%93&#8243; form_field_text_shadow_vertical_length_tablet=\u00bb0px\u00bb form_field_text_shadow_blur_strength=\u00bbform_field_text_shadow_style,%91object Object%93&#8243; form_field_text_shadow_blur_strength_tablet=\u00bb1px\u00bb text_shadow_horizontal_length=\u00bbtext_shadow_style,%91object Object%93&#8243; text_shadow_horizontal_length_tablet=\u00bb0px\u00bb text_shadow_vertical_length=\u00bbtext_shadow_style,%91object Object%93&#8243; text_shadow_vertical_length_tablet=\u00bb0px\u00bb text_shadow_blur_strength=\u00bbtext_shadow_style,%91object Object%93&#8243; text_shadow_blur_strength_tablet=\u00bb1px\u00bb title_text_shadow_horizontal_length=\u00bbtitle_text_shadow_style,%91object Object%93&#8243; title_text_shadow_horizontal_length_tablet=\u00bb0px\u00bb title_text_shadow_vertical_length=\u00bbtitle_text_shadow_style,%91object Object%93&#8243; title_text_shadow_vertical_length_tablet=\u00bb0px\u00bb title_text_shadow_blur_strength=\u00bbtitle_text_shadow_style,%91object Object%93&#8243; title_text_shadow_blur_strength_tablet=\u00bb1px\u00bb captcha_text_shadow_horizontal_length=\u00bbcaptcha_text_shadow_style,%91object Object%93&#8243; captcha_text_shadow_horizontal_length_tablet=\u00bb0px\u00bb captcha_text_shadow_vertical_length=\u00bbcaptcha_text_shadow_style,%91object Object%93&#8243; captcha_text_shadow_vertical_length_tablet=\u00bb0px\u00bb captcha_text_shadow_blur_strength=\u00bbcaptcha_text_shadow_style,%91object Object%93&#8243; captcha_text_shadow_blur_strength_tablet=\u00bb1px\u00bb button_text_shadow_horizontal_length=\u00bbbutton_text_shadow_style,%91object Object%93&#8243; button_text_shadow_horizontal_length_tablet=\u00bb0px\u00bb button_text_shadow_vertical_length=\u00bbbutton_text_shadow_style,%91object Object%93&#8243; button_text_shadow_vertical_length_tablet=\u00bb0px\u00bb button_text_shadow_blur_strength=\u00bbbutton_text_shadow_style,%91object Object%93&#8243; button_text_shadow_blur_strength_tablet=\u00bb1px\u00bb box_shadow_horizontal_button_tablet=\u00bb0px\u00bb box_shadow_vertical_button_tablet=\u00bb0px\u00bb box_shadow_blur_button_tablet=\u00bb40px\u00bb box_shadow_spread_button_tablet=\u00bb0px\u00bb box_shadow_horizontal_tablet=\u00bb0px\u00bb box_shadow_vertical_tablet=\u00bb0px\u00bb box_shadow_blur_tablet=\u00bb40px\u00bb box_shadow_spread_tablet=\u00bb0px\u00bb vertical_offset_tablet=\u00bb0&#8243; horizontal_offset_tablet=\u00bb0&#8243; z_index_tablet=\u00bb0&#8243; email=\u00bbconsultas@estudiografotecnico.com\u00bb use_redirect=\u00bbon\u00bb redirect_url=\u00bbhttps:\/\/www.estudiografotecnico.com\/blog\/enviado\/\u00bb][et_pb_contact_field field_title=\u00bbNombre\u00bb field_type=\u00bbinput\u00bb field_id=\u00bbName\u00bb required_mark=\u00bbon\u00bb fullwidth_field=\u00bboff\u00bb _builder_version=\u00bb4.19.4&#8243; \/][et_pb_contact_field field_title=\u00bbDirecci\u00f3n de correo electr\u00f3nico\u00bb field_type=\u00bbemail\u00bb field_id=\u00bbEmail\u00bb required_mark=\u00bbon\u00bb fullwidth_field=\u00bboff\u00bb _builder_version=\u00bb4.19.4&#8243; \/][et_pb_contact_field field_title=\u00bbMensaje\u00bb field_type=\u00bbtext\u00bb field_id=\u00bbMessage\u00bb required_mark=\u00bbon\u00bb fullwidth_field=\u00bbon\u00bb _builder_version=\u00bb4.19.4&#8243; \/][et_pb_contact_field _builder_version=\u00bb4.19.4&#8243; field_id=\u00bbField_4&#8243; field_title=\u00bbACEPTO la pol\u00edtica de privacidad Te informamos que los datos de car\u00e1cter personal que me proporciones rellenando el presente formulario ser\u00e1n tratados por Helena Huarte como responsable de esta web. La finalidad de la recogida y tratamiento de los datos personales es gesti\u00f3n de su solicitud . La legitimaci\u00f3n se realiza a trav\u00e9s del consentimiento del interesado. Podr\u00e1s ejercer tus derechos de acceso, rectificaci\u00f3n, limitaci\u00f3n y supresion a trav\u00e9s del correo electr\u00f3nico consultas@estudiografotecnico.com . (Tel\u00e9fono: 620 955 442).\u00bb field_title_tablet=\u00bbNuevo campo\u00bb field_title_phone=\u00bbNuevo campo\u00bb field_type=\u00bbcheckbox\u00bb checkbox_checked=\u00bboff\u00bb checkbox_options=\u00bb%91{%22value%22:%22ACEPTO la pol\u00edtica de privacidad %22,%22checked%22:0}%93&#8243; booleancheckbox_options=\u00bb%91{%22value%22:%22%22,%22checked%22:0}%93&#8243; radio_options=\u00bb%91{%22value%22:%22%22,%22checked%22:0}%93&#8243; select_options=\u00bb%91{%22value%22:%22%22,%22checked%22:0}%93&#8243; min_length=\u00bb0&#8243; max_length=\u00bb0&#8243; allowed_symbols=\u00bball\u00bb required_mark=\u00bbon\u00bb conditional_logic=\u00bboff\u00bb conditional_logic_relation=\u00bboff\u00bb conditional_logic_rules=\u00bb%91{%22field%22:%22name%22,%22condition%22:%22is%22,%22value%22:%22%22}%93&#8243; link_option_url_new_window=\u00bboff\u00bb use_background_color_gradient=\u00bboff\u00bb background_color_gradient_stops=\u00bb#2b87da 0%|#29c4a9 100%\u00bb background_color_gradient_stops_tablet=\u00bb#2b87da 0%|#29c4a9 100%\u00bb background_color_gradient_stops_phone=\u00bb#2b87da 0%|#29c4a9 100%\u00bb background_color_gradient_type=\u00bblinear\u00bb background_color_gradient_direction=\u00bb180deg\u00bb background_color_gradient_direction_tablet=\u00bb180deg\u00bb background_color_gradient_direction_phone=\u00bb180deg\u00bb background_color_gradient_direction_radial=\u00bbcenter\u00bb background_color_gradient_repeat=\u00bboff\u00bb background_color_gradient_unit=\u00bb%\u00bb background_color_gradient_overlays_image=\u00bboff\u00bb parallax=\u00bboff\u00bb parallax_method=\u00bbon\u00bb background_size=\u00bbcover\u00bb background_image_width=\u00bbauto\u00bb background_image_width_tablet=\u00bbauto\u00bb background_image_width_phone=\u00bbauto\u00bb background_image_height=\u00bbauto\u00bb background_image_height_tablet=\u00bbauto\u00bb background_image_height_phone=\u00bbauto\u00bb background_position=\u00bbcenter\u00bb background_horizontal_offset=\u00bb0px\u00bb background_horizontal_offset_tablet=\u00bb0px\u00bb background_horizontal_offset_phone=\u00bb0px\u00bb background_vertical_offset=\u00bb0px\u00bb background_vertical_offset_tablet=\u00bb0px\u00bb background_vertical_offset_phone=\u00bb0px\u00bb background_repeat=\u00bbno-repeat\u00bb background_blend=\u00bbnormal\u00bb allow_player_pause=\u00bboff\u00bb background_video_pause_outside_viewport=\u00bbon\u00bb background_pattern_style=\u00bbpolka-dots\u00bb background_pattern_style_tablet=\u00bbpolka-dots\u00bb background_pattern_style_phone=\u00bbpolka-dots\u00bb background_pattern_color=\u00bbrgba(0,0,0,0.2)\u00bb background_pattern_size=\u00bbinitial\u00bb background_pattern_width=\u00bbauto\u00bb background_pattern_width_tablet=\u00bbauto\u00bb background_pattern_width_phone=\u00bbauto\u00bb background_pattern_height=\u00bbauto\u00bb background_pattern_height_tablet=\u00bbauto\u00bb background_pattern_height_phone=\u00bbauto\u00bb background_pattern_repeat_origin=\u00bbtop_left\u00bb background_pattern_horizontal_offset=\u00bb0px\u00bb background_pattern_horizontal_offset_tablet=\u00bb0px\u00bb background_pattern_horizontal_offset_phone=\u00bb0px\u00bb background_pattern_vertical_offset=\u00bb0px\u00bb background_pattern_vertical_offset_tablet=\u00bb0px\u00bb background_pattern_vertical_offset_phone=\u00bb0px\u00bb background_pattern_repeat=\u00bbrepeat\u00bb background_pattern_blend_mode=\u00bbnormal\u00bb background_mask_style=\u00bblayer-blob\u00bb background_mask_style_tablet=\u00bblayer-blob\u00bb background_mask_style_phone=\u00bblayer-blob\u00bb background_mask_color=\u00bb#ffffff\u00bb background_mask_aspect_ratio=\u00bblandscape\u00bb background_mask_size=\u00bbstretch\u00bb background_mask_width=\u00bbauto\u00bb background_mask_width_tablet=\u00bbauto\u00bb background_mask_width_phone=\u00bbauto\u00bb background_mask_height=\u00bbauto\u00bb background_mask_height_tablet=\u00bbauto\u00bb background_mask_height_phone=\u00bbauto\u00bb background_mask_position=\u00bbcenter\u00bb background_mask_horizontal_offset=\u00bb0px\u00bb background_mask_horizontal_offset_tablet=\u00bb0px\u00bb background_mask_horizontal_offset_phone=\u00bb0px\u00bb background_mask_vertical_offset=\u00bb0px\u00bb background_mask_vertical_offset_tablet=\u00bb0px\u00bb background_mask_vertical_offset_phone=\u00bb0px\u00bb background_mask_blend_mode=\u00bbnormal\u00bb fullwidth_field=\u00bbon\u00bb form_field_text_shadow_style=\u00bbnone\u00bb form_field_text_shadow_horizontal_length=\u00bbform_field_text_shadow_style,%91object Object%93&#8243; form_field_text_shadow_horizontal_length_tablet=\u00bb0px\u00bb form_field_text_shadow_horizontal_length_phone=\u00bb0px\u00bb form_field_text_shadow_vertical_length=\u00bbform_field_text_shadow_style,%91object Object%93&#8243; form_field_text_shadow_vertical_length_tablet=\u00bb0px\u00bb form_field_text_shadow_vertical_length_phone=\u00bb0px\u00bb form_field_text_shadow_blur_strength=\u00bbform_field_text_shadow_style,%91object Object%93&#8243; form_field_text_shadow_blur_strength_tablet=\u00bb1px\u00bb form_field_text_shadow_blur_strength_phone=\u00bb1px\u00bb box_shadow_style=\u00bbnone\u00bb box_shadow_horizontal=\u00bbbox_shadow_style,%91object Object%93&#8243; box_shadow_horizontal_tablet=\u00bb0px\u00bb box_shadow_horizontal_phone=\u00bb0px\u00bb box_shadow_vertical=\u00bbbox_shadow_style,%91object Object%93&#8243; box_shadow_vertical_tablet=\u00bb0px\u00bb box_shadow_vertical_phone=\u00bb0px\u00bb box_shadow_blur=\u00bbbox_shadow_style,%91object Object%93&#8243; box_shadow_blur_tablet=\u00bb40px\u00bb box_shadow_blur_phone=\u00bb40px\u00bb box_shadow_spread=\u00bbbox_shadow_style,%91object Object%93&#8243; box_shadow_spread_tablet=\u00bb0px\u00bb box_shadow_spread_phone=\u00bb0px\u00bb hover_transition_duration=\u00bb300ms\u00bb hover_transition_duration_tablet=\u00bb300ms\u00bb hover_transition_duration_phone=\u00bb300ms\u00bb hover_transition_delay=\u00bb0ms\u00bb hover_transition_delay_tablet=\u00bb0ms\u00bb hover_transition_delay_phone=\u00bb0ms\u00bb hover_transition_speed_curve=\u00bbease\u00bb vertical_offset_tablet=\u00bb0&#8243; vertical_offset_phone=\u00bb0&#8243; horizontal_offset_tablet=\u00bb0&#8243; horizontal_offset_phone=\u00bb0&#8243; z_index_tablet=\u00bb0&#8243; z_index_phone=\u00bb0&#8243; \/][\/et_pb_contact_form][\/et_pb_column][\/et_pb_row][\/et_pb_section]<\/p>\n","protected":false},"excerpt":{"rendered":"<p>Este formulario tiene por objeto que usted pueda\u00a0realizar una primera consulta. A partir de este momento se estudiar\u00e1 detenidamente su caso y se pondr\u00e1 en contacto por mail, o tel\u00e9fono, si asi lo prefiere. Estudio Grafotecnico Helena Huarte\u00a0se compromete\u00a0a trav\u00e9s de estas l\u00edneas\u00a0a guardar la m\u00e1xima discreci\u00f3n\u00a0sobre los asuntos desde aqu\u00ed enviados. Adem\u00e1s ratifica la [&hellip;]<\/p>\n","protected":false},"author":1,"featured_media":0,"parent":0,"menu_order":0,"comment_status":"closed","ping_status":"closed","template":"","meta":{"_et_pb_use_builder":"on","_et_pb_old_content":"","_et_gb_content_width":"","footnotes":""},"class_list":["post-251","page","type-page","status-publish","hentry"],"_links":{"self":[{"href":"https:\/\/www.estudiografotecnico.com\/blog\/wp-json\/wp\/v2\/pages\/251","targetHints":{"allow":["GET"]}}],"collection":[{"href":"https:\/\/www.estudiografotecnico.com\/blog\/wp-json\/wp\/v2\/pages"}],"about":[{"href":"https:\/\/www.estudiografotecnico.com\/blog\/wp-json\/wp\/v2\/types\/page"}],"author":[{"embeddable":true,"href":"https:\/\/www.estudiografotecnico.com\/blog\/wp-json\/wp\/v2\/users\/1"}],"replies":[{"embeddable":true,"href":"https:\/\/www.estudiografotecnico.com\/blog\/wp-json\/wp\/v2\/comments?post=251"}],"version-history":[{"count":15,"href":"https:\/\/www.estudiografotecnico.com\/blog\/wp-json\/wp\/v2\/pages\/251\/revisions"}],"predecessor-version":[{"id":335,"href":"https:\/\/www.estudiografotecnico.com\/blog\/wp-json\/wp\/v2\/pages\/251\/revisions\/335"}],"wp:attachment":[{"href":"https:\/\/www.estudiografotecnico.com\/blog\/wp-json\/wp\/v2\/media?parent=251"}],"curies":[{"name":"wp","href":"https:\/\/api.w.org\/{rel}","templated":true}]}}